{"id":2330,"date":"2020-08-04T16:51:21","date_gmt":"2020-08-04T16:51:21","guid":{"rendered":"https:\/\/gerodigital.pt\/politica-privacidade\/"},"modified":"2021-04-27T08:33:25","modified_gmt":"2021-04-27T08:33:25","slug":"politica-de-privacidad","status":"publish","type":"page","link":"https:\/\/gerodigital.pt\/es\/politica-de-privacidad\/","title":{"rendered":"Pol\u00edtica de privacidad"},"content":{"rendered":"<p><strong>POL\u00cdTICA DE PRIVACIDAD<\/strong><\/p>\n<p>GERODIGITAL, LDA., sociedad de responsabilidad limitada, con sede en Rua Dr. Ant\u00f3nio Rangel, 54, R\/C Dto., 4580-058 Paredes, NIPC 514\u00a0665 858, en adelante GERODIGITAL considera imprescindible respetar la privacidad y protecci\u00f3n de los datos personales que le sean proporcionados, como subcontratista del responsable del tratamiento.<\/p>\n<p>Con la entrada en vigencia del nuevo Reglamento General de Protecci\u00f3n de Datos (RGPD), a partir del 25 de mayo de 2018, GERODIGITAL, LDA. destaca que contin\u00faa fuertemente empe\u00f1ado y comprometido con la protecci\u00f3n de la privacidad y los datos personales del respectivo titular que utiliza las plataformas y servicios digitales de GERODIGITAL y procede, en esa medida, a actualizar su Pol\u00edtica de Privacidad, de conformidad con todos los principios y est\u00e1ndares de protecci\u00f3n de datos que respaldan el RGPD.<\/p>\n<p>&nbsp;<\/p>\n<p><strong>Responsable del tratamiento de datos<\/strong><\/p>\n<p>El responsable del tratamiento es GERODIGITAL, LDA., Sociedad de Responsabilidad Limitada, con sede en Rua Dr. Ant\u00f3nio Rangel, 54, R\/C Dto., 4580-058 Paredes, persona jur\u00eddica n\u00famero 514\u00a0665\u00a0858.<\/p>\n<p>Sin embargo, siempre que GERODIGITAL trata datos personales de sus socios en el \u00e1mbito de su actividad de generaci\u00f3n de leads, se considera como subcontratista de sus socios y no es responsable del tratamiento de datos.<\/p>\n<p>&nbsp;<\/p>\n<p><strong>Responsable de Protecci\u00f3n de Datos<\/strong><\/p>\n<p>Para consultas relacionadas con el tratamiento de sus datos personales, deber\u00e1 entrar en contacto con el Responsable de Protecci\u00f3n de Datos a trav\u00e9s de las siguientes v\u00edas:<\/p>\n<p>Tel\u00e9fono: (+351) 221\u00a0117 185<\/p>\n<p>Domicilio: Rua Dr. Ant\u00f3nio Rangel, 54, R\/C Dto., 4580-058 Paredes<\/p>\n<p>Correo electr\u00f3nico: dados@gerodigital.pt<\/p>\n<p>&nbsp;<\/p>\n<p><strong>\u00c1mbito de la Pol\u00edtica de Privacidad<\/strong><\/p>\n<p>Esta Pol\u00edtica de Privacidad se aplica a los datos que han sido proporcionados directamente por el respectivo titular o recopilados de los accesos del titular a nuestra p\u00e1gina web, como nombre, tel\u00e9fono de contacto, direcci\u00f3n de correo electr\u00f3nico, nacionalidad, profesi\u00f3n, empleador y lugar de residencia. En los casos en que GERODIGITAL sea subcontratista de sus socios, se establece una pol\u00edtica de privacidad para el tratamiento de dichos datos.<\/p>\n<p>&nbsp;<\/p>\n<p><strong>Tratamiento de datos personales y consentimiento <\/strong><\/p>\n<p>Al colocar sus datos personales a disposici\u00f3n de GERODIGITAL, el titular de los datos personales acuerda previamente, de forma libre, informada, espec\u00edfica e inequ\u00edvoca, que sean tratados para las finalidades descritas en esta Pol\u00edtica de Privacidad.<\/p>\n<p><strong>Revocaci\u00f3n del consentimiento<\/strong><\/p>\n<p>Si el consentimiento es legalmente necesario para el tratamiento de datos personales, el titular de datos tiene derecho a retirar el consentimiento en cualquier momento.<\/p>\n<p>Sin embargo, la revocaci\u00f3n del consentimiento no compromete la licitud del tratamiento realizado en base al consentimiento previamente dado, ni el posterior tratamiento de los mismos datos, sujeto a otra base legal, como es el caso, por ejemplo, de las obligaciones legales a las que GERODITIGAL est\u00e1 sujeta.<\/p>\n<p>Si desea retirar su consentimiento, puede entrar en contacto con el Responsable de Protecci\u00f3n de Datos por los siguientes medios:<\/p>\n<p>Tel\u00e9fono: (+351) 221\u00a0117 185<\/p>\n<p>Domicilio: Rua Dr. Ant\u00f3nio Rangel, 54, R\/C Dto., 4580-058 Paredes<\/p>\n<p>Correo electr\u00f3nico: dados@gerodigital.pt<\/p>\n<p>&nbsp;<\/p>\n<p><strong>Datos personales y finalidades de su tratamiento<\/strong><\/p>\n<p>Los datos personales son informaci\u00f3n relacionada con una persona identificada o identificable. La persona que puede identificarse directa o indirectamente se considera identificable. Los datos personales son el conjunto de informaci\u00f3n diferente que permiten identificar una persona en concreto.<\/p>\n<p>GERODIGITAL s\u00f3lo recopila los siguientes datos personales: nombre, tel\u00e9fono de contacto, correo electr\u00f3nico, nacionalidad, profesi\u00f3n, empleador y lugar de residencia. GERODIGITAL tambi\u00e9n guarda el curr\u00edculum vitae del titular de datos.<\/p>\n<p>GERODIGITAL recopila sus datos con los siguientes objetivos:<\/p>\n<p>&#8211; Para responder a las solicitudes realizadas por el titular de datos desde la p\u00e1gina web, y tiene como base legal el inicio de diligencias precontractuales;<\/p>\n<p>&#8211; Asegurar que la p\u00e1gina web satisface las necesidades del titular de datos como usuario de la p\u00e1gina web, a trav\u00e9s del desarrollo y publicaci\u00f3n de contenido lo m\u00e1s adaptado posible a las solicitudes y al tipo de usuario, mejorando las capacidades de b\u00fasqueda y funciones de la p\u00e1gina web y la b\u00fasqueda de informaci\u00f3n asociada o estad\u00edstica sobre el tipo de perfil del usuario, con su consentimiento como como fundamento jur\u00eddico en base;<\/p>\n<p>Antes de utilizar sus datos personales para fines distintos a los expresamente previstos en esta Pol\u00edtica de Privacidad, le solicitaremos su consentimiento.<\/p>\n<p>&nbsp;<\/p>\n<p><strong>Plazo de conservaci\u00f3n de los datos personales<\/strong><\/p>\n<p>Los personales recopilados a trav\u00e9s de la p\u00e1gina web www.gerodigital.pt se conservar\u00e1n por un plazo de 1 a\u00f1o, sin perjuicio de la limitaci\u00f3n estatutaria y caducidad de los derechos de ejercicio de GERODIGITAL, en los t\u00e9rminos de la ley, as\u00ed como del cumplimiento de obligaciones legales por parte del responsable del tratamiento.<\/p>\n<p>&nbsp;<\/p>\n<p><strong>Derechos de los Titulares de datos personales<\/strong><\/p>\n<p>Como titular de datos personales, tiene derecho a solicitar el acceso a los datos personales que le conciernen, la rectificaci\u00f3n de los datos personales que sean inexactos o incompletos, la supresi\u00f3n de los datos personales, la limitaci\u00f3n total o parcial del tratamiento de los datos personales, el derecho a oponerse al tratamiento y el derecho a la portabilidad de los datos personales en formato estructurado, de uso com\u00fan y lectura autom\u00e1tica.<\/p>\n<p><strong><u>Derecho de acceso<\/u><\/strong><\/p>\n<p>El titular de datos personales tiene derecho a obtener confirmaci\u00f3n por parte de GERODIGITAL de que los datos que le conciernen est\u00e1n o no sujetos a tratamiento y, en su caso, a acceder a sus datos personales y acceder a la informaci\u00f3n prevista en la ley.<\/p>\n<p>Si desea que se procese m\u00e1s de una copia de sus datos personales, GERODIGITAL podr\u00e1 sujetar este servicio al pago de una tasa por gastos administrativos.<\/p>\n<p><strong><u>Derecho de rectificaci\u00f3n<\/u><\/strong><\/p>\n<p>El titular de datos personales tiene derecho a obtener de GERODIGITAL, sin\u00a0 demora injustificada, la rectificaci\u00f3n de los datos inexactos o incompletos que le conciernen.<\/p>\n<p><strong><u>Derecho a eliminar los datos (\u00abderecho a ser olvidado\u00bb)<\/u><\/strong><\/p>\n<p>El titular de los datos personales tiene derecho a solicitar a GERODIGITAL la eliminaci\u00f3n de sus datos, sin demora injustificada, GERODIGITAL tiene la obligaci\u00f3n de eliminar los datos personales cuando ocurra alguno de los siguientes motivos, es decir:<\/p>\n<ol>\n<li>a) Los datos personales ya no son necesarios para el prop\u00f3sito que ha impulsado su recopilaci\u00f3n o tratamiento;<\/li>\n<li>b) El titular de datos ha retirado su consentimiento para el tratamiento de datos (en los casos en que el tratamiento se basa en el consentimiento) y no existe otra raz\u00f3n para dicho tratamiento;<\/li>\n<li>c) El titular se opone al tratamiento y no prevalecen intereses leg\u00edtimos que justifiquen el tratamiento.<\/li>\n<\/ol>\n<p><strong><u>Derecho a limitar el tratamiento<\/u><\/strong><\/p>\n<p>El titular de datos tiene derecho a obtener la limitaci\u00f3n del tratamiento por parte de GERODIGITAL, en caso de que ocurra alguna de las siguientes situaciones, en particular:<\/p>\n<ol>\n<li>a) Responder la veracidad de los datos personales, por un per\u00edodo que permita a GERODIGITAL verificar su veracidad;<\/li>\n<li>b) El tratamiento de los datos es l\u00edcito y el titular de los datos se opone a la eliminaci\u00f3n de sus datos personales y solicita, a cambio, la limitaci\u00f3n de su uso;<\/li>\n<li>c) GERODIGITAL ya no requiere los datos personales para los fines del tratamiento, pero estos datos son solicitados por el titular a los efectos de declaraciones, ejercer o defender un derecho en un proceso judicial;<\/li>\n<li>d) Si se ha opuesto al tratamiento, hasta que se compruebe que los motivos leg\u00edtimos del responsable del tratamiento son superiores a los del titular de datos.<\/li>\n<\/ol>\n<p><strong><u>Derecho a la portabilidad de datos<\/u><\/strong><\/p>\n<p>Si el tratamiento depende del consentimiento del titular de datos y dicho consentimiento ha sido proporcionado por medios automatizados, el titular de datos tiene derecho a recibir los datos personales que le conciernen y que haya facilitado a GERODIGITAL en un formato estructurado, de uso com\u00fan y lectura autom\u00e1tica<\/p>\n<p><strong><u>Derecho de oposici\u00f3n<\/u><\/strong><\/p>\n<p>En los casos en que el tratamiento de los datos se lleve a cabo con la finalidad de los intereses leg\u00edtimos apuntados por GERODIGITAL; o el tratamiento de datos se lleva a cabo con fines de marketing directo; o definici\u00f3n de perfiles, el titular de los datos puede, en cualquier momento, oponerse al tratamiento de sus datos personales.<\/p>\n<p>&nbsp;<\/p>\n<p><strong>Ejercicio de derechos del titular de datos<\/strong><\/p>\n<p>Los derechos de los titulares de datos pueden ejercerse con el <u>Responsable de la Protecci\u00f3n de Datos<\/u>, a trav\u00e9s de los siguientes contactos:<\/p>\n<p>Tel\u00e9fono: (+351) 221\u00a0117 185<\/p>\n<p>Domicilio: Rua Dr. Ant\u00f3nio Rangel, 54, R\/C Dto., 4580-058 Paredes<\/p>\n<p>Correo electr\u00f3nico: dados@gerodigital.pt<\/p>\n<p>Las respuestas a sus solicitudes se pueden proporcionar por escrito, por medios electr\u00f3nicos.<\/p>\n<p>Las respuestas se proporcionar\u00e1n, sin demoras injustificadas, dentro de 1 mes desde la fecha de recepci\u00f3n de la solicitud, o dentro de los 2 meses seguidos de informaci\u00f3n al titular de datos, cuando la solicitud sea compleja o haya varias solicitudes.<\/p>\n<p>Siempre que ejerza alguno de los derechos anteriormente mencionados, el Responsable de la Protecci\u00f3n de Datos proceda con las medidas necesarias para cumplir con lo solicitado por el titular de datos, en el \u00e1mbito del ejercicio de sus derechos.<\/p>\n<p>&nbsp;<\/p>\n<p><strong>Seguridad de los datos personales<\/strong><\/p>\n<p>GERODIGITAL es consciente de su responsabilidad de proteger la informaci\u00f3n que nos proporciona. Por tanto, todos los datos personales recopilados por GERODIGITAL se almacenan en bases de datos en las que se han implementado diversas medidas de seguridad, de car\u00e1cter t\u00e9cnico y organizativo adecuadas, para proteger los datos personales de su destrucci\u00f3n, p\u00e9rdida, alteraci\u00f3n, difusi\u00f3n, acceso no autorizado o cualquier otra forma de tratamiento accidental o ilegal, es decir, al restringir el acceso a los datos almacenados a los empleados espec\u00edficamente autorizados para ese fin.<\/p>\n<p>La transmisi\u00f3n de datos se realiza mediante conexiones seguras (HTTPS), es decir, de forma encriptada, utilizando claves privadas y un\u00edvocas. El protocolo SSL (Security Sockets Layer) permite que la transmisi\u00f3n de todos los datos sensibles a trav\u00e9s de Internet se realice de manera segura, salvaguardando la privacidad y minimizando el riesgo de interceptaci\u00f3n de datos durante la comunicaci\u00f3n.<\/p>\n<p>&nbsp;<\/p>\n<p><strong>Tu privacidad es importante para nosotros<\/strong><\/p>\n<p>Los cookies son muy peque\u00f1os archivos de texto almacenados en tu ordenador cuando visitas nuestra web. Utilizamos cookies para diferentes objetivos y para mejorar tu experiencia en line en nuestro sitio web (por ejemplo, para recordar tu detalles de acceso).<\/p>\n<p>Puedes cambiar tu preferencias y rechazar que algunos tipos de cookies sean almacenados en tu ordenador mientras est\u00e1s navegando en nuestra web. Puedes tambi\u00e9n cancelar cualquier cookie ya almacenado en tu ordenador, pero recuerda que cancelar los cookies puede impedirte de utilizar algunas partes de nuestra web.<\/p>\n<p>&nbsp;<\/p>\n<p><strong>Cookies estrictamente necesarias<\/strong><\/p>\n<p>Estos cookies son esenciales para proveerte los servicios disponibles en nuestra web y para permitirte de utilizar algunas caracter\u00edsticas de nuestra web.<\/p>\n<p>Sin estos cookies, no podemos proveer algunos servicios de nuestro sitio web.<\/p>\n<p>&nbsp;<\/p>\n<p><strong>Cookies de funcionalidad<\/strong><\/p>\n<p>Estos cookies son utilizados para proveerte una m\u00e1s personalizada experiencia en nuestra web y para recordar tu elecciones en nuestro sitio web.<\/p>\n<p>Por ejemplo, podemos utilizar cookies de funcionalidad para recordar tu preferencias de idioma o tus detalles de acceso.<\/p>\n<p>&nbsp;<\/p>\n<p><strong>Cookies de rastreo y rendimiento<\/strong><\/p>\n<p>Estos cookies son utilizados para recopilar informaci\u00f3n para analizar el tr\u00e1fico en nuestra web y la forma en que los usuarios utilizan nuestra web.<\/p>\n<p>Por ejemplo, estos cookies pueden recopilar datos como cuanto tiempo llevas navegado en nuestro sitio web o que p\u00e1ginas visitas, cosa que nos ayuda a comprender c\u00f3mo podemos mejorar nuestra web para ti.<\/p>\n<p>La informaci\u00f3n recopilada con estos cookies de rastreo y rendimiento no identifiquen a ning\u00fan visitante individual.<\/p>\n<p>&nbsp;<\/p>\n<p><strong>Cookies de seguimiento y publicidad<\/strong><\/p>\n<p>Estos cookies son utilizados para ense\u00f1arte anuncios que pueden ser interesantes sobre la base de tus costumbres de navegaci\u00f3n.<\/p>\n<p>Estos cookies, como servidos por nuestros proveedores de contenido y\/o de publicidad, puede combinar la informaci\u00f3n que ellos recogieron de nuestro sitio web con otra informaci\u00f3n recopilada por ellos en relaci\u00f3n con las actividades de su navegador web a trav\u00e9s de su red de sitios web.<\/p>\n<p>Si tu eliges de cancelar o inhabilitar los cookies de seguimiento y publicidad, seguir\u00e1s viendo anuncios pero estos podr\u00edan no ser de tu inter\u00e9s.<\/p>\n<p><strong>Reclamo<\/strong><\/p>\n<p>Tambi\u00e9n tiene derecho a presentar un reclamo ante la autoridad de control competente, la Comisi\u00f3n Nacional de Protecci\u00f3n de Datos, cuando considere que GERODIGITAL ha vulnerado los derechos que tiene en los t\u00e9rminos del RGPD.<\/p>\n<p>Contactos de la Comisi\u00f3n Nacional de Protecci\u00f3n de Datos:<\/p>\n<p>Av. D. Carlos I, 134 &#8211; 1.\u00ba 1200-651 Lisboa<\/p>\n<p>Tel: +351 213928400<\/p>\n<p>Fax: +351 213976832<\/p>\n<p>correo electr\u00f3nico: <a href=\"mailto:geral@cnpd.pt\">geral@cnpd.pt<\/a><\/p>\n<p><a href=\"http:\/\/www.cnpd.pt\">www.cnpd.pt<\/a><\/p>\n<p>&nbsp;<\/p>\n<p><strong>Violaci\u00f3n de datos personales<\/strong><\/p>\n<p>En caso de violaci\u00f3n de datos personales, el responsable del tratamiento notificar\u00e1 al organismo supervisor sin demora injustificada, y siempre que sea posible, dentro de las 72 horas posteriores a su conocimiento, a menos que no sea probable que la violaci\u00f3n de datos personales generar\u00e1 un riesgo a los derechos y garant\u00edas de las personas f\u00edsicas.<\/p>\n<p><strong>\u00a0<\/strong><\/p>\n<p><strong>Nuestros contactos<\/strong><\/p>\n<p>Si tiene alguna duda sobre el tratamiento de sus datos personales, o desea ejercer alguno de sus derechos, entre en contacto con nuestro Responsable de Protecci\u00f3n de Datos, a trav\u00e9s de los siguientes medios:<\/p>\n<p>Tel\u00e9fono: (+351) 221\u00a0117 185<\/p>\n<p>Domicilio: Rua Dr. Ant\u00f3nio Rangel, 54, R\/C Dto., 4580-058 Paredes<\/p>\n<p>Correo electr\u00f3nico: dados@gerodigital.pt<\/p>\n<p>&nbsp;<\/p>\n<p><strong>Modificaciones en la Pol\u00edtica de Privacidad<\/strong><\/p>\n<p>GERODIGITAL se reserva el derecho a modificar su Pol\u00edtica de Privacidad, por lo que le recomendamos que consulte este documento peri\u00f3dicamente.<\/p>\n<p>En caso de cambios a esta Pol\u00edtica de privacidad, publicaremos un aviso en nuestra p\u00e1gina web.<\/p>\n<p>&nbsp;<\/p>\n","protected":false},"excerpt":{"rendered":"<p>POL\u00cdTICA DE PRIVACIDAD GERODIGITAL, LDA., sociedad de responsabilidad limitada, con sede en Rua Dr. Ant\u00f3nio Rangel, 54, R\/C Dto., 4580-058 Paredes, NIPC 514\u00a0665 858, en adelante GERODIGITAL considera imprescindible respetar la privacidad y protecci\u00f3n de los datos personales que le sean proporcionados, como subcontratista del responsable del tratamiento. Con la entrada en vigencia del nuevo [&hellip;]<\/p>\n","protected":false},"author":1,"featured_media":0,"parent":0,"menu_order":0,"comment_status":"closed","ping_status":"closed","template":"","meta":{"inline_featured_image":false,"footnotes":""},"class_list":["post-2330","page","type-page","status-publish","hentry"],"aioseo_notices":[],"_links":{"self":[{"href":"https:\/\/gerodigital.pt\/es\/wp-json\/wp\/v2\/pages\/2330","targetHints":{"allow":["GET"]}}],"collection":[{"href":"https:\/\/gerodigital.pt\/es\/wp-json\/wp\/v2\/pages"}],"about":[{"href":"https:\/\/gerodigital.pt\/es\/wp-json\/wp\/v2\/types\/page"}],"author":[{"embeddable":true,"href":"https:\/\/gerodigital.pt\/es\/wp-json\/wp\/v2\/users\/1"}],"replies":[{"embeddable":true,"href":"https:\/\/gerodigital.pt\/es\/wp-json\/wp\/v2\/comments?post=2330"}],"version-history":[{"count":0,"href":"https:\/\/gerodigital.pt\/es\/wp-json\/wp\/v2\/pages\/2330\/revisions"}],"wp:attachment":[{"href":"https:\/\/gerodigital.pt\/es\/wp-json\/wp\/v2\/media?parent=2330"}],"curies":[{"name":"wp","href":"https:\/\/api.w.org\/{rel}","templated":true}]}}