{"id":2328,"date":"2020-08-04T16:51:21","date_gmt":"2020-08-04T16:51:21","guid":{"rendered":"https:\/\/gerodigital.pt\/politica-privacidade\/"},"modified":"2021-08-17T10:39:20","modified_gmt":"2021-08-17T10:39:20","slug":"informativa-sulla-privacy","status":"publish","type":"page","link":"https:\/\/gerodigital.pt\/it\/informativa-sulla-privacy\/","title":{"rendered":"Informativa sulla Privacy"},"content":{"rendered":"<p><strong>INFORMATIVA SULLA PRIVACY<\/strong><\/p>\n<p>GERODIGITAL, LDA., societ\u00e0 a responsabilit\u00e0 limitata, con sede legale in Rua Dr. Ant\u00f3nio Rangel, 54, R\/C Dto., 4580-058 Paredes, Portogallo, P.IVA 514 665 858, d&#8217;ora in poi GERODIGITAL, ritiene fondamentale il rispetto della privacy e la protezione dei dati personali che gli sono forniti, in qualit\u00e0 di responsabile del trattamento del titolare del trattamento.<\/p>\n<p>Con l&#8217;entrata in vigore del nuovo Regolamento Generale sulla Protezione dei Dati (RGPD), dal 25 maggio 2018, GERODIGITAL, LDA. dichiara di essere fortemente impegnata e assicura la protezione della privacy e dei dati personali dell\u2019interessato che utilizza le piattaforme digitali e i servizi di GERODIGITAL. In tal senso, aggiorna quindi la propria Informativa sulla Privacy in conformit\u00e0 con tutti i principi e le regole di protezione dei dati che sono alla base del RGPD.<\/p>\n<p>&nbsp;<\/p>\n<p><strong>Titolare del trattamento dei dati<\/strong><\/p>\n<p>Il titolare del trattamento dei dati \u00e8 GERODIGITAL, LDA., societ\u00e0 a responsabilit\u00e0 limitata, con sede legale in Rua Dr. Ant\u00f3nio Rangel, 54, R\/C Dto., 4580-058 Paredes, Portogallo, P.IVA 514 665 858.<\/p>\n<p>Tuttavia, ogni volta che GERODIGITAL si occupi del trattamento dei dati personali per conto dei suoi partner, nell\u2019ambito della sua attivit\u00e0 di lead generation, agisce in qualit\u00e0 di responsabile del trattamento per conto dei suoi partner e non di titolare del trattamento.<\/p>\n<p>&nbsp;<\/p>\n<p><strong>Responsabile della protezione dei dati<\/strong><\/p>\n<p>Per domande relative al trattamento dei vostri dati personali si prega di contattare il Responsabile della protezione dei dati attraverso i seguenti canali:<\/p>\n<p>Telefono: (+351) 221\u00a0117 185<\/p>\n<p>Indirizzo: Rua Dr. Ant\u00f3nio Rangel, 54, R\/C Dto., 4580-058 Paredes, Portogallo<\/p>\n<p>E-mail: dados@gerodigital.pt<\/p>\n<p>&nbsp;<\/p>\n<p><strong>Ambito dell\u2019Informativa sulla Privacy<\/strong><\/p>\n<p>La presente Informativa sulla privacy si applica ai dati che sono stati forniti direttamente dal rispettivo interessato o raccolti durante gli accessi dell\u2019interessato al nostro sito web, quali nome, contatto telefonico, indirizzo e-mail, nazionalit\u00e0, professione, datore di lavoro e luogo di residenza. Nei casi in cui GERODIGITAL sia il responsabile del trattamento per conto dei suoi partner, \u00e8 definita un\u2019informativa sulla privacy per il trattamento di tali dati.<\/p>\n<p>&nbsp;<\/p>\n<p><strong>Trattamento dei dati personali e consenso<\/strong><\/p>\n<p>Nel fornire i propri dati personali a GERODIGITAL, l\u2019interessato acconsente preventivamente, in modo libero, informato, specifico e inequivocabile, al loro trattamento per le finalit\u00e0 descritte nella presente Informativa sulla privacy.<\/p>\n<p>&nbsp;<\/p>\n<p><strong>Revoca del consenso<\/strong><\/p>\n<p>Se per il trattamento dei dati personali \u00e8 legalmente richiesto il consenso, l&#8217;interessato ha il diritto di revocare il proprio consenso in qualsiasi momento.<\/p>\n<p>Tuttavia, la revoca del consenso, non pregiudica la liceit\u00e0 del trattamento basata sul consenso prima della revoca o il successivo trattamento dei dati, basato su un&#8217;altra base giuridica come, per esempio, gli obblighi legali a cui GERODIGITAL \u00e8 soggetta.<\/p>\n<p>Per revocare il consenso, si prega di contattare il Responsabile della Protezione dei Dati attraverso i seguenti canali:<\/p>\n<p>Telefono: (+351) 221\u00a0117 185<\/p>\n<p>Indirizzo: Rua Dr. Ant\u00f3nio Rangel, 54, R\/C Dto., 4580-058 Paredes, Portogallo<\/p>\n<p>E-mail: dados@gerodigital.pt<\/p>\n<p>&nbsp;<\/p>\n<p><strong>Dati Personali e Finalit\u00e0 del loro trattamento<\/strong><\/p>\n<p>I dati personali sono informazioni relative a una persona identificata o identificabile. \u00c8 considerata identificabile una persona che pu\u00f2 essere identificata direttamente o indirettamente. I dati personali costituiscono anche l&#8217;insieme di informazioni distinte che possono portare all&#8217;identificazione di una specifica persona.<\/p>\n<p>GERODIGITAL raccoglie solo i seguenti dati personali: nome, contatto telefonico, indirizzo e-mail, nazionalit\u00e0, professione, datore di lavoro e luogo di residenza. GERODIGITAL raccoglie inoltre, anche il curriculum vitae dell&#8217;interessato.<\/p>\n<p>GERODIGITAL raccoglie i vostri dati per le seguenti finalit\u00e0:<\/p>\n<p>&#8211; Per rispondere alle richieste presentate dall&#8217;interessato attraverso il sito web, avendo come base giuridica l&#8217;avvio di misure precontrattuali;<\/p>\n<p>&#8211; Garantire che il sito soddisfi le esigenze dell\u2019interessato in quanto utente del sito, attraverso lo sviluppo e la pubblicazione di contenuti il pi\u00f9 possibile adeguati alle richieste e al tipo di utente, migliorando le capacit\u00e0 di ricerca e le funzionalit\u00e0 del sito e ottenendo informazioni associate o statistiche relative al tipo di profilo dell&#8217;utente, con il suo consenso come base legale;<\/p>\n<p>Prima di utilizzare i vostri dati personali per scopi diversi da quelli espressamente previsti nella presente Informativa sulla privacy, vi chiederemo il vostro consenso.<\/p>\n<p>&nbsp;<\/p>\n<p><strong>Periodo di conservazione dei dati personali<\/strong><\/p>\n<p>I dati personali raccolti attraverso il sito www.gerodigital.pt saranno conservati per 1 anno, fermo restando la prescrizione e la decadenza dei diritti di GERODIGITAL, in conformit\u00e0 alla legge, nonch\u00e9 per l&#8217;adempimento degli obblighi di legge da parte del titolare del trattamento.<\/p>\n<p>&nbsp;<\/p>\n<p><strong>Diritti degli Interessati<\/strong><\/p>\n<p>In qualit\u00e0 di interessato, avete il diritto di richiedere l&#8217;accesso ai dati personali che vi riguardano, la rettifica dei dati personali inesatti o incompleti, la cancellazione dei dati personali, la limitazione totale o parziale del trattamento dei dati personali, il diritto di opporvi al trattamento e il diritto alla portabilit\u00e0 dei dati personali in un formato strutturato, di uso comune, leggibile da dispositivo automatico.<\/p>\n<p><strong><u>Diritto di accesso<\/u><\/strong><\/p>\n<p>L&#8217;interessato ha il diritto di ottenere da GERODIGITAL la conferma che sia o meno in corso un trattamento di dati personali che lo riguardano e in tal caso, di ottenere l&#8217;accesso ai dati personali e alle informazioni previste per legge.<\/p>\n<p>Se dovesse essere richiesta pi\u00f9 di una copia dei dati personali in corso di trattamento, GERODIGITAL potrebbe richiedere per questo servizio il pagamento di un corrispettivo per le spese amministrative.<\/p>\n<p><strong><u>Diritto di rettifica<\/u><\/strong><\/p>\n<p>L&#8217;interessato ha il diritto di ottenere da GERODIGITAL la rettifica dei dati personali inesatti o incompleti che lo riguardano senza ingiustificato ritardo.<\/p>\n<p><strong><u>Diritto alla cancellazione (\u00abdiritto all&#8217;oblio\u00bb)<\/u><\/strong><\/p>\n<p>L&#8217;interessato ha il diritto di ottenere da GERODIGITAL la cancellazione dei dati personali che lo riguardano senza ingiustificato ritardo e GERODIGITAL ha l&#8217;obbligo di cancellare i dati personali se sussiste uno dei seguenti motivi:<\/p>\n<ol>\n<li>a) I dati personali non sono pi\u00f9 necessari rispetto alle finalit\u00e0 per le quali sono stati raccolti o altrimenti trattati;<\/li>\n<\/ol>\n<p>(b) l&#8217;interessato ha ritirato il suo consenso al trattamento (se il trattamento si basa sul consenso) e non vi sono altre basi per il trattamento;<\/p>\n<ol>\n<li>c) l&#8217;interessato si oppone al trattamento e non sussiste alcun motivo legittimo prevalente per procedere al trattamento.<\/li>\n<\/ol>\n<p><strong><u>Diritto di limitazione di trattamento<\/u><\/strong><\/p>\n<p>L&#8217;interessato ha il diritto di ottenere da GERODIGITAL la limitazione del trattamento quando ricorre una delle seguenti situazioni:<\/p>\n<ol>\n<li>a) Contestazione dell&#8217;esattezza dei dati personali, per il periodo necessario a GERODIGITAL per verificare l\u2019esattezza di tali dati personali;<\/li>\n<li>b) Il trattamento dei dati \u00e8 illecito e l&#8217;interessato si oppone alla cancellazione dei dati personali e chiede invece che ne sia limitato l&#8217;utilizzo;<\/li>\n<li>c) GERODIGITAL non ha pi\u00f9 bisogno dei dati personali ai fini del trattamento, ma tali dati personali sono necessari all&#8217;interessato per l&#8217;accertamento, l&#8217;esercizio o la difesa di un diritto in sede giudiziaria;<\/li>\n<li>d) Se l&#8217;interessato si \u00e8 opposto al trattamento in attesa della verifica in merito all&#8217;eventuale prevalenza dei motivi legittimi del titolare del trattamento rispetto a quelli dell&#8217;interessato.<\/li>\n<\/ol>\n<p><strong><u>Diritto alla portabilit\u00e0 dei dati<\/u><\/strong><\/p>\n<p>Qualora il trattamento dipenda dal consenso dell&#8217;interessato e tale consenso sia stato dato con mezzi automatizzati, l&#8217;interessato ha il diritto di ricevere i dati personali che lo riguardano e che ha fornito a GERODIGITAL in formato strutturato, di uso comune, leggibile da dispositivo automatico.<\/p>\n<p><strong><u>Diritto di opposizione<\/u><\/strong><\/p>\n<p>Nei casi in cui il trattamento dei dati sia effettuato per il perseguimento del legittimo interesse di GERODIGITAL; o il trattamento dei dati sia effettuato per finalit\u00e0 di marketing diretto, o di profilazione, l&#8217;interessato pu\u00f2 in qualsiasi momento opporsi al trattamento dei suoi dati personali.<\/p>\n<p>&nbsp;<\/p>\n<p><strong>Esercizio dei diritti dell&#8217;interessato<\/strong><\/p>\n<p>I diritti degli interessati possono essere esercitati presso il <u>Responsabile della protezione dei dati<\/u> attraverso i seguenti contatti:<\/p>\n<p>Telefono: (+351) 221\u00a0117 185<\/p>\n<p>Indirizzo: Rua Dr. Ant\u00f3nio Rangel, 54, R\/C Dto., 4580-058 Paredes, Portogallo<\/p>\n<p>E-mail: dados@gerodigital.pt<\/p>\n<p>Le risposte alle vostre richieste possono essere fornite per iscritto, con mezzi elettronici.<\/p>\n<p>Le risposte devono essere fornite senza ingiustificato ritardo entro 1 mese dal ricevimento della richiesta, o entro 2 mesi seguiti da informazioni all&#8217;interessato qualora la richiesta sia complessa o vi siano pi\u00f9 richieste.<\/p>\n<p>Il Responsabile della protezione dei dati, ognivolta che eserciti uno dei suddetti diritti, provvede ad adempiere alle misure necessarie per ottemperare a quanto richiesto dall&#8217;interessato, nell&#8217;ambito dell&#8217;esercizio dei suoi diritti.<\/p>\n<p>&nbsp;<\/p>\n<p><strong>Sicurezza dei dati personali<\/strong><\/p>\n<p>GERODIGITAL \u00e8 consapevole della sua responsabilit\u00e0 per quanto riguarda la protezione delle informazioni ricevute. Pertanto, tutti i dati personali raccolti da GERODIGITAL sono memorizzati in database in cui sono state implementate diverse misure di sicurezza di natura tecnica e organizzativa per proteggere i dati personali da distruzione, perdita, alterazione, accesso non autorizzato o qualsiasi altra forma di trattamento accidentale o illegale, in particolare permettendo l&#8217;accesso ai dati memorizzati solo ai dipendenti a tal fine specificamente autorizzati.<\/p>\n<p>La trasmissione dei dati avviene tramite connessioni sicure (HTTPS), ovvero, in forma criptata, utilizzando chiavi private e uniche. Il protocollo SSL (Security Sockets Layer) consente che la trasmissione di tutti i dati sensibili su Internet avvenga in modo sicuro, salvaguardando la privacy e riducendo al minimo il rischio di intercettazione dei dati durante la comunicazione.<\/p>\n<p><strong>La tua privacy \u00e8 importante per noi<\/strong><\/p>\n<p>I cookies sono dei piccolissimi file di testo che vengono memorizzati nel tuo computer quando visiti un sito web. Noi usiamo i cookies per una variet\u00e0 di scopi e per migliorare la tua esperienza online nel nostro sito web (per esempio, per ricordare i tuoi dettagli di accesso).<\/p>\n<p>Tu puoi cambiare le tue impostazioni e rifiutare che alcuni tipi di cookies vengano memorizzati sul tuo computer mentre stai navigando nel nostro sito web. Puoi anche rimuovere qualsiasi cookie gi\u00e0 memorizzato nel tuo computer, ma ricorda che cancellare i cookies pu\u00f2 impedirti di utilizzare alcune parti del nostro sito.<\/p>\n<p>&nbsp;<\/p>\n<p><strong>Cookies strettamente necessari<\/strong><\/p>\n<p>Questi cookies sono essenziali per fornirti i servizi disponibili nel nostro sito e per renderti disponibili alcune funzionalit\u00e0 del nostro sito web.<\/p>\n<p>Senza questi cookies, non possiamo fornirti alcuni servizi del nostro sito.<\/p>\n<p>Cookies funzionali<\/p>\n<p>Questi cookies sono utilizzati per offrirti un\u2019esperienza pi\u00f9 personalizzata nel nostro sito e per ricordare le scelte che hai fatto mentre usavi il nostro sito.<\/p>\n<p>Per esempio, possiamo usare cookies funzionali per memorizzare le tue preferenze sulla lingua o i tuoi dettagli di accesso.<\/p>\n<p>&nbsp;<\/p>\n<p><strong>Cookies di tracciamento e prestazione<\/strong><\/p>\n<p>Questi cookies sono utilizzati per raccogliere informazioni per analizzare il traffico verso il nostro sito e il modo in cui i visitatori utilizzano il nostro sito.<\/p>\n<p>Per esempio, questi cookies possono tracciare cose come quanto a lungo ti fermi nel nostro sito o le pagine che visiti, cosa che ci aiuta a capire come possiamo migliorare il nostro sito per te.<\/p>\n<p>Le informazioni raccolte attraverso questi cookies di tracciamento e performance non identificano alcun visitatore individuale.<\/p>\n<p>&nbsp;<\/p>\n<p><strong>Cookies di targeting e pubblicit\u00e0<\/strong><\/p>\n<p>Questi cookies sono usati per mostrare annunci pubblicitari che possano verosimilmente essere di tuo interesse in base alle tue abitudini di navigazione.<\/p>\n<p>Questi cookies, cos\u00ed come forniti dai nostri fornitori di contenuti o annunci pubblicitari, possono combinare le informazioni che raccolgono dal nostro sito web con quelle che hanno indipendentemente raccolto in relazione all\u2019attivit\u00e0 del tuo browser attraverso la loro rete di siti web.<\/p>\n<p>Se scegli di rimuovere o disabilitare questo tipo di cookies di targeting e pubblicit\u00e0, vedrai ancora annunci pubblicitari ma potrebbero essere irrilevanti per te.<\/p>\n<p>&nbsp;<\/p>\n<p><strong>Reclami<\/strong><\/p>\n<p>L\u2019interessato ha inoltre il diritto di presentare un reclamo all&#8217;autorit\u00e0 di controllo competente portoghese, la Comiss\u00e3o Nacional de Prote\u00e7\u00e3o de Dados, quando ritiene che GERODIGITAL abbia violato i suoi diritti ai sensi del RGPD.<\/p>\n<p>Contatti della Comiss\u00e3o Nacional de Prote\u00e7\u00e3o de Dados<\/p>\n<p>Av. D. Carlos I, 134 &#8211; 1.\u00ba 1200-651 Lisbona, Portogallo<\/p>\n<p>Tel: +351 213928400<\/p>\n<p>Fax: +351 213976832<\/p>\n<p>e-mail: <a href=\"mailto:geral@cnpd.pt\">geral@cnpd.pt<\/a><\/p>\n<p><a href=\"http:\/\/www.cnpd.pt\">www.cnpd.pt<\/a><\/p>\n<p>&nbsp;<\/p>\n<p><strong>Violazione dei Dati Personali<\/strong><\/p>\n<p>In caso di violazione dei dati personali, il titolare del trattamento notifica la violazione all&#8217;autorit\u00e0 di controllo competente senza ingiustificato ritardo e, ove possibile, entro 72 ore dal momento in cui ne \u00e8 venuto a conoscenza, a meno che sia improbabile che la violazione dei dati personali presenti un rischio per i diritti e le garanzie delle persone fisiche.<\/p>\n<p><strong>\u00a0<\/strong><\/p>\n<p><strong>I nostri contatti<\/strong><\/p>\n<p>Per domande relative al trattamento dei vostri dati personali o se desiderate esercitare uno dei vostri diritti, si prega di contattate il nostro Responsabile della Protezione dei Dati Personali attraverso i seguenti canali:<\/p>\n<p>Telefono: (+351) 221\u00a0117 185<\/p>\n<p>Indirizzo: Rua Dr. Ant\u00f3nio Rangel, 54, R\/C Dto., 4580-058 Paredes, Portogallo<\/p>\n<p>E-mail: dados@gerodigital.pt<\/p>\n<p>&nbsp;<\/p>\n<p><strong>Modifiche dell\u2019Informativa sulla Privacy<\/strong><\/p>\n<p>GERODIGITAL si riserva il diritto di modificare la sua Informativa sulla Privacy, pertanto vi consigliamo di consultare regolarmente questo documento.<\/p>\n<p>Se la presente Informativa sulla privacy dovesse essere modificata, pubblicheremo un avviso sul nostro sito web.<\/p>\n<p>&nbsp;<\/p>\n","protected":false},"excerpt":{"rendered":"<p>INFORMATIVA SULLA PRIVACY GERODIGITAL, LDA., societ\u00e0 a responsabilit\u00e0 limitata, con sede legale in Rua Dr. Ant\u00f3nio Rangel, 54, R\/C Dto., 4580-058 Paredes, Portogallo, P.IVA 514 665 858, d&#8217;ora in poi GERODIGITAL, ritiene fondamentale il rispetto della privacy e la protezione dei dati personali che gli sono forniti, in qualit\u00e0 di responsabile del trattamento del titolare [&hellip;]<\/p>\n","protected":false},"author":1,"featured_media":0,"parent":0,"menu_order":0,"comment_status":"closed","ping_status":"closed","template":"","meta":{"inline_featured_image":false,"footnotes":""},"class_list":["post-2328","page","type-page","status-publish","hentry"],"aioseo_notices":[],"_links":{"self":[{"href":"https:\/\/gerodigital.pt\/it\/wp-json\/wp\/v2\/pages\/2328","targetHints":{"allow":["GET"]}}],"collection":[{"href":"https:\/\/gerodigital.pt\/it\/wp-json\/wp\/v2\/pages"}],"about":[{"href":"https:\/\/gerodigital.pt\/it\/wp-json\/wp\/v2\/types\/page"}],"author":[{"embeddable":true,"href":"https:\/\/gerodigital.pt\/it\/wp-json\/wp\/v2\/users\/1"}],"replies":[{"embeddable":true,"href":"https:\/\/gerodigital.pt\/it\/wp-json\/wp\/v2\/comments?post=2328"}],"version-history":[{"count":1,"href":"https:\/\/gerodigital.pt\/it\/wp-json\/wp\/v2\/pages\/2328\/revisions"}],"predecessor-version":[{"id":2710,"href":"https:\/\/gerodigital.pt\/it\/wp-json\/wp\/v2\/pages\/2328\/revisions\/2710"}],"wp:attachment":[{"href":"https:\/\/gerodigital.pt\/it\/wp-json\/wp\/v2\/media?parent=2328"}],"curies":[{"name":"wp","href":"https:\/\/api.w.org\/{rel}","templated":true}]}}