{"id":2329,"date":"2020-08-04T16:51:21","date_gmt":"2020-08-04T16:51:21","guid":{"rendered":"https:\/\/gerodigital.pt\/politica-privacidade\/"},"modified":"2021-04-26T22:31:12","modified_gmt":"2021-04-26T22:31:12","slug":"politica-privacidade","status":"publish","type":"page","link":"https:\/\/gerodigital.pt\/pt-pt\/politica-privacidade\/","title":{"rendered":"Pol\u00edtica de Privacidade"},"content":{"rendered":"\r\n<p><strong>POL\u00cdTICA DE PRIVACIDADE<\/strong><\/p>\r\n<p>A GERODIGITAL, LDA., sociedade por quotas, com sede \u00e0 Rua Dr. Ant\u00f3nio Rangel, 54, R\/C Dto., 4580-058 Paredes, NIPC 514\u00a0665 858, doravante GERODIGITAL considera fundamental o respeito pela privacidade e pela prote\u00e7\u00e3o de dados pessoais que lhe sejam fornecidos, enquanto subcontratante do respons\u00e1vel pelo seu tratamento.<\/p>\r\n<p>Com a entrada em vigor do novo Regulamento Geral de Prote\u00e7\u00e3o de Dados (RGPD), a partir de 25 de maio de 2018, a GERODIGITAL, LDA. vem manifestar que se mant\u00e9m fortemente empenhada e comprometida na prote\u00e7\u00e3o da privacidade e dos dados pessoais do respetivo titular que utiliza as plataformas digitais e os servi\u00e7os da GERODIGITAL e procede, nessa medida, \u00e0 atualiza\u00e7\u00e3o da sua Pol\u00edtica de Privacidade, em conformidade com todos os princ\u00edpios e normas da prote\u00e7\u00e3o de dados que sustentam o RGPD.<\/p>\r\n<p>&nbsp;<\/p>\r\n<p><strong>Respons\u00e1vel pelo tratamento de dados<\/strong><\/p>\r\n<p>O respons\u00e1vel pelo tratamento de dados \u00e9 a GERODIGITAL, LDA., sociedade por quotas, com sede \u00e0 Rua Dr. Ant\u00f3nio Rangel, 54, R\/C Dto., 4580-058 Paredes, pessoa coletiva n\u00famero 514\u00a0665\u00a0858.<\/p>\r\n<p>No entanto, sempre que a GERODIGITAL trata dados pessoais para os seus parceiros no <br \/>\u00e2mbito da sua atividade de gera\u00e7\u00e3o de leads, \u00e9 subcontratante dos seus parceiros e n\u00e3o respons\u00e1vel pelo tratamento de dados.<\/p>\r\n<p>&nbsp;<\/p>\r\n<p><strong>Encarregado de Protec\u00e7\u00e3o de Dados<\/strong><\/p>\r\n<p>Para as quest\u00f5es relacionadas com o tratamento dos seus dados pessoais dever\u00e1 contactar o Encarregado de Protec\u00e7\u00e3o de Dados atrav\u00e9s dos seguintes meios:<\/p>\r\n<p>Telefone: (+351) 221\u00a0117 185<\/p>\r\n<p>Morada: Rua Dr. Ant\u00f3nio Rangel, 54, R\/C Dto., 4580-058 Paredes<\/p>\r\n<p>Email: dados@gerodigital.pt<\/p>\r\n<p>&nbsp;<\/p>\r\n<p><strong>\u00c2mbito da Pol\u00edtica de Privacidade<\/strong><\/p>\r\n<p>A presente Pol\u00edtica de Privacidade aplica-se aos dados que tenham sido diretamente fornecidos pelo respetivo titular ou recolhidos em acessos do titular ao nosso site, como o nome, contacto telef\u00f3nico, endere\u00e7o de e-mail, nacionalidade, profiss\u00e3o, empregador e local de resid\u00eancia. Nos casos em que a GERODIGITAL \u00e9 subcontratante dos seus parceiros \u00e9 estabelecida uma pol\u00edtica de privacidade para o tratamento desses dados.<\/p>\r\n<p>&nbsp;<\/p>\r\n<p><strong>Tratamento de dados pessoais e consentimento<\/strong><\/p>\r\n<p>Ao disponibilizar os seus dados pessoais \u00e0 GERODIGITAL, o titular de dados pessoais concorda, previamente, de forma livre, informada, espec\u00edfica e inequ\u00edvoca, que os mesmos sejam tratados para as finalidades descritas na presente Pol\u00edtica de Privacidade.<\/p>\r\n<p><strong>Revoga\u00e7\u00e3o do consentimento<\/strong><\/p>\r\n<p>Se o consentimento for legalmente necess\u00e1rio para o tratamento de dados pessoais, o titular dos dados tem o direito de retirar consentimento em qualquer altura.<\/p>\r\n<p>No entanto, a revoga\u00e7\u00e3o do consentimento n\u00e3o compromete a licitude do tratamento efetuado com base no consentimento previamente dado, nem o tratamento posterior dos mesmos dados, baseado noutra base legal, como \u00e9 o caso por exemplo, de obriga\u00e7\u00f5es legais a que a GERODITIGAL esteja sujeita.<\/p>\r\n<p>Caso pretenda retirar o seu consentimento, pode contactar o Encarregado de Protec\u00e7\u00e3o de Dados atrav\u00e9s dos seguintes meios:<\/p>\r\n<p>Telefone: (+351) 221\u00a0117 185<\/p>\r\n<p>Morada: Rua Dr. Ant\u00f3nio Rangel, 54, R\/C Dto., 4580-058 Paredes<\/p>\r\n<p>Email: dados@gerodigital.pt<\/p>\r\n<p>&nbsp;<\/p>\r\n<p><strong>Dados Pessoais e Finalidades do seu tratamento<\/strong><\/p>\r\n<p>Dados pessoais s\u00e3o informa\u00e7\u00e3o relativa a uma pessoa identificada ou identific\u00e1vel. \u00c9 considerada identific\u00e1vel a pessoa que possa ser identificada direta ou indiretamente. Tamb\u00e9m constituem dados pessoais o conjunto de informa\u00e7\u00f5es distintas que podem levar \u00e0 identifica\u00e7\u00e3o de uma determinada pessoa.<\/p>\r\n<p>A GERODIGITAL apenas recolhe os seguintes dados pessoais: nome, contacto telef\u00f3nico, endere\u00e7o de e-mail, nacionalidade, profiss\u00e3o, empregador e local de resid\u00eancia. A GERODIGITAL recolhe ainda o curriculum vitae do titular de dados.<\/p>\r\n<p>A GERODIGITAL recolhe os seus dados para as seguintes finalidades:<\/p>\r\n<p>&#8211; Para responder aos pedidos realizados pelo titular de dados a partir do website, tendo como fundamento jur\u00eddico o encetamento de dilig\u00eancias pr\u00e9-contratuais;<\/p>\r\n<p>&#8211; Garantir que o site vai ao encontro das necessidades do titular dos dados enquanto utilizador do site, atrav\u00e9s do desenvolvimento e publica\u00e7\u00e3o de conte\u00fados o mais adaptados poss\u00edvel \u00e0s solicita\u00e7\u00f5es e ao tipo de utilizador, da melhoria das capacidades de pesquisa e funcionalidades do Site e da obten\u00e7\u00e3o de informa\u00e7\u00e3o associada ou estat\u00edstica relativamente ao perfil tipo do utilizador, tendo como fundamento jur\u00eddico o seu consentimento;<\/p>\r\n<p>Antes de utilizarmos os seus dados pessoais para finalidades diferentes daquelas expressamente previstas na presente Pol\u00edtica de Privacidade, solicitaremos o seu consentimento.<\/p>\r\n<p>&nbsp;<\/p>\r\n<p><strong>Prazo de Conserva\u00e7\u00e3o dos Dados Pessoais<\/strong><\/p>\r\n<p>Os dados pessoais recolhidos atrav\u00e9s do site www.gerodigital.pt ser\u00e3o conservados pelo prazo de 1 ano, sem preju\u00edzo dos prazos de prescri\u00e7\u00e3o e de caducidade de exerc\u00edcio de direitos da GERODIGITAL, nos termos da lei, bem como, para cumprimento de obriga\u00e7\u00f5es legais por parte do respons\u00e1vel de tratamento de dados.<\/p>\r\n<p>&nbsp;<\/p>\r\n<p><strong>Direitos dos Titulares dos Dados Pessoais<\/strong><\/p>\r\n<p>Na qualidade de titular dos dados pessoais, tem o direito de solicitar o acesso aos dados pessoais que lhe digam respeito, a retifica\u00e7\u00e3o dos dados pessoais que forem imprecisos ou incompletos, o apagamento dos dados pessoais, a limita\u00e7\u00e3o total ou parcial do tratamento dos dados pessoais, o direito de se opor ao tratamento e o direito \u00e0 portabilidade dos dados pessoais num formato estruturado, de uso corrente e de leitura autom\u00e1tica.<\/p>\r\n<p><strong><u>Direito de acesso<\/u><\/strong><\/p>\r\n<p>O titular dos dados pessoais tem o direito a obter da GERODIGITAL a confirma\u00e7\u00e3o de que os dados que lhe digam respeito s\u00e3o ou n\u00e3o objeto de tratamento e, se for o caso, de aceder aos seus dados pessoais e aceder \u00e0s informa\u00e7\u00f5es previstas na lei.<\/p>\r\n<p>Caso pretenda mais do que uma c\u00f3pia dos seus dados pessoais em fase de tratamento, a GERODIGITAL poder\u00e1 sujeitar esse servi\u00e7o a um pagamento de uma taxa pelos custos administrativos.<\/p>\r\n<p><strong><u>Direito de retifica\u00e7\u00e3o<\/u><\/strong><\/p>\r\n<p>O titular dos dados pessoais tem o direito de obter da GERODIGITAL, sem demora injustificada, a retifica\u00e7\u00e3o dos dados inexatos ou incompletos que lhe digam respeito.<\/p>\r\n<p><strong><u>Direito ao apagamento dos dados (\u201cdireito a ser esquecido\u201d)<\/u><\/strong><\/p>\r\n<p>O titular dos dados pessoais tem o direito de pedir \u00e0 GERODIGITAL para apagar os seus dados, sem demora injustificada, a GERODIGITAL tem a obriga\u00e7\u00e3o de apagar os dados pessoais quando se aplique, designadamente, um dos seguintes motivos:<\/p>\r\n<ol>\r\n<li>a) Os dados pessoais deixaram de ser necess\u00e1rios para a finalidade que motivou a sua recolha ou tratamento;<\/li>\r\n<li>b) O titular retirou o seu consentimento para o tratamento de dados (nos casos em que o tratamento \u00e9 baseado no consentimento) e n\u00e3o existir outro fundamento para o referido tratamento;<\/li>\r\n<li>c) O titular op\u00f5e-se ao tratamento e n\u00e3o existem interesses leg\u00edtimos prevalecentes que justifiquem o tratamento.<\/li>\r\n<\/ol>\r\n<p><strong><u>Direito \u00e0 limita\u00e7\u00e3o do tratamento<\/u><\/strong><\/p>\r\n<p>O titular dos dados tem o direito de obter da GERODIGITAL a limita\u00e7\u00e3o do tratamento, se se aplicar, designadamente, uma das seguintes situa\u00e7\u00f5es:<\/p>\r\n<ol>\r\n<li>a) Contestar a exatid\u00e3o dos dados pessoais, durante um per\u00edodo que permita \u00e0 GERODIGITAL verificar a sua exatid\u00e3o;<\/li>\r\n<li>b) O tratamento de dados for l\u00edcito e o titular dos dados se opuser a que se apaguem os seus dados pessoais e solicitar, em contrapartida, a limita\u00e7\u00e3o da sua utiliza\u00e7\u00e3o;<\/li>\r\n<li>c) A GERODIGITAL j\u00e1 n\u00e3o precisarem dos dados pessoais para fins de tratamento, mas esses dados serem requeridos pelo titular para efeitos de declara\u00e7\u00e3o, exerc\u00edcio ou defesa de um direito num processo judicial;<\/li>\r\n<li>d) Se tiver oposto ao tratamento, at\u00e9 se verificar que os motivos leg\u00edtimos do respons\u00e1vel pelo tratamento prevalecem sobre os do titular dos dados.<\/li>\r\n<\/ol>\r\n<p><strong><u>Direito de portabilidade dos dados<\/u><\/strong><\/p>\r\n<p>Se o tratamento depender do consentimento do titular dos dados e esse consentimento tiver sido prestado por meios automatizados, o titular dos dados tem o direito a receber os dados pessoais que lhe digam respeito e que tenha fornecido \u00e0 GERODIGITAL num formato estruturado, de uso corrente e de leitura autom\u00e1tica.<\/p>\r\n<p><strong><u>Direito de oposi\u00e7\u00e3o<\/u><\/strong><\/p>\r\n<p>Nos casos em que o tratamento de dados for efetuado para efeito dos interesses leg\u00edtimos prosseguidos pela GERODIGITAL; ou o tratamento de dados for efetuado para efeitos de marketing direto; ou defini\u00e7\u00e3o de perfis, o titular dos dados pode a qualquer altura, opor-se ao tratamento dos seus dados pessoais.<\/p>\r\n<p>&nbsp;<\/p>\r\n<p><strong>Exerc\u00edcio dos direitos do titular dos dados<\/strong><\/p>\r\n<p>Os direitos dos titulares dos dados podem ser exercidos junto do <u>Encarregado da Prote\u00e7\u00e3o de Dados<\/u>, atrav\u00e9s dos seguintes contactos:<\/p>\r\n<p>Telefone: (+351) 221\u00a0117 185<\/p>\r\n<p>Morada: Rua Dr. Ant\u00f3nio Rangel, 54, R\/C Dto., 4580-048 Paredes<\/p>\r\n<p>Email: dados@gerodigital.pt<\/p>\r\n<p>As respostas \u00e0s suas solicita\u00e7\u00f5es podem ser prestadas de forma escrita, por meios eletr\u00f3nicos.<\/p>\r\n<p>As respostas ser\u00e3o prestadas, sem demora injustificada, no prazo de 1 m\u00eas a contar da data da rece\u00e7\u00e3o do pedido, ou no prazo de 2 meses seguido de informa\u00e7\u00e3o ao titular dos dados, quando o pedido for complexo ou existirem v\u00e1rios pedidos.<\/p>\r\n<p>Sempre que exercer um dos direitos suprareferidos, o Encarregado da Protec\u00e7\u00e3o de Dados procede com as medidas necess\u00e1rias para cumprir com o solicitado pelo titular dos dados, no \u00e2mbito do exerc\u00edcio dos seus direitos.<\/p>\r\n<p>&nbsp;<\/p>\r\n<p><strong>Seguran\u00e7a dos Dados Pessoais<\/strong><\/p>\r\n<p>A GERODIGITAL tem consci\u00eancia da sua responsabilidade para proteger a informa\u00e7\u00e3o que nos fornece. Assim sendo, todos os dados pessoais recolhidos pela GERODIGITAL s\u00e3o armazenados em bases de dados em que foram implementadas diversas medidas de seguran\u00e7a, de cariz t\u00e9cnico e organizativo adequadas para proteger os dados pessoais contra a destrui\u00e7\u00e3o, a perda, a altera\u00e7\u00e3o, a difus\u00e3o, o acesso n\u00e3o-autorizado ou qualquer outra forma de tratamento acidental ou il\u00edcito, nomeadamente restringindo-se o acesso aos dados armazenados aos colaboradores especificamente autorizados para o efeito.<\/p>\r\n<p>A transmiss\u00e3o de dados \u00e9 efetuada utilizando liga\u00e7\u00f5es seguras (HTTPS), ou seja, de forma encriptada, com recurso a chaves privadas e un\u00edvocas. O protocolo SSL (Security Sockets Layer) permite que a transmiss\u00e3o de todos os dados sens\u00edveis pela Internet, ocorra de forma segura, salvaguardando a privacidade e minimizando o risco de interse\u00e7\u00e3o de dados durante a comunica\u00e7\u00e3o.<\/p>\r\n<p id=\"cookies\"><strong>A sua privacidade \u00e9 importante para n\u00f3s.<\/strong><\/p>\r\n<p>Cookies s\u00e3o pequenos arquivos de texto que s\u00e3o armazenados no seu computador quando visita um site. Utilizamos cookies para diversos fins e para aprimorar sua experi\u00eancia no nosso site (por exemplo, para se lembrar dos detalhes de login da sua conta).<\/p>\r\n<p>Pode alterar as suas prefer\u00eancias e recusar o armazenamento de certos tipos de cookies no seu computador enquanto navega no nosso site. Pode tamb\u00e9m remover todos os cookies j\u00e1 armazenados no seu computador, mas lembre-se de que a exclus\u00e3o de cookies pode impedir o uso de determinadas \u00e1reas no nosso site.<\/p>\r\n<p><strong>Cookies estritamente necess\u00e1rios<\/strong><\/p>\r\n<p>Estes cookies s\u00e3o essenciais para fornecer servi\u00e7os dispon\u00edveis no nosso site e permitir que possa usar determinados recursos no nosso site.<\/p>\r\n<p>Sem estes cookies, n\u00e3o podemos fornecer certos servi\u00e7os no nosso site.<\/p>\r\n<p>&nbsp;<\/p>\r\n<p><strong>Cookies de funcionalidade<\/strong><\/p>\r\n<p>Estes cookies s\u00e3o usados \u200b\u200bpara fornecer uma experi\u00eancia mais personalizada no nosso site e para lembrar as escolhas que faz ao usar o nosso site.<\/p>\r\n<p>Por exemplo, podemos usar cookies de funcionalidade para se lembrar das suas prefer\u00eancias de idioma e\/ ou os seus detalhes de login.<\/p>\r\n<p><strong>Cookies de medi\u00e7\u00e3o e desempenho<\/strong><\/p>\r\n<p>Estes cookies s\u00e3o usados \u200b\u200bpara coletar informa\u00e7\u00f5es para analisar o tr\u00e1fego no nosso site e entender como \u00e9 que os visitantes est\u00e3o a usar o nosso site.<\/p>\r\n<p>Por exemplo, estes cookies podem medir fatores como o tempo despendido no site ou as p\u00e1ginas visitadas, isto vai permitir entender como podemos melhorar o nosso site para os utilizadores.<\/p>\r\n<p>As informa\u00e7\u00f5es coletadas por meio destes cookies de medi\u00e7\u00e3o e desempenho n\u00e3o identificam nenhum visitante individual.<\/p>\r\n<p>&nbsp;<\/p>\r\n<p><strong>Cookies de medi\u00e7\u00e3o e desempenho<\/strong><\/p>\r\n<p>Estes cookies s\u00e3o usados \u200b\u200bpara coletar informa\u00e7\u00f5es para analisar o tr\u00e1fego no nosso site e entender como \u00e9 que os visitantes est\u00e3o a usar o nosso site.<\/p>\r\n<p>Por exemplo, estes cookies podem medir fatores como o tempo despendido no site ou as p\u00e1ginas visitadas, isto vai permitir entender como podemos melhorar o nosso site para os utilizadores.<\/p>\r\n<p>As informa\u00e7\u00f5es coletadas por meio destes cookies de medi\u00e7\u00e3o e desempenho n\u00e3o identificam nenhum visitante individual.<\/p>\r\n<p>&nbsp;<\/p>\r\n<p><strong>Cookies de segmenta\u00e7\u00e3o e publicidade<\/strong><\/p>\r\n<p>Estes cookies s\u00e3o usados \u200b\u200bpara mostrar publicidade que provavelmente lhe pode interessar com base nos seus h\u00e1bitos e comportamentos de navega\u00e7\u00e3o.<\/p>\r\n<p>Estes cookies, servidos pelo nosso conte\u00fado e\/ ou fornecedores de publicidade, podem combinar as informa\u00e7\u00f5es coletadas no nosso site com outras informa\u00e7\u00f5es coletadas independentemente relacionadas com as atividades na rede de sites do seu navegador.<\/p>\r\n<p>Se optar por remover ou desativar estes cookies de segmenta\u00e7\u00e3o ou publicidade, ainda ver\u00e1 an\u00fancios, mas estes poder\u00e3o n\u00e3o ser relevantes para si.<\/p>\r\n<p><strong>Reclama\u00e7\u00e3o<\/strong><\/p>\r\n<p>Tem ainda o direito de apresentar reclama\u00e7\u00e3o perante a autoridade de controlo competente, a Comiss\u00e3o Nacional de Prote\u00e7\u00e3o de Dados, quando considere que a GERODIGITAL violou os direitos de que disp\u00f5e nos termos RGPD.<\/p>\r\n<p>Contactos da Comiss\u00e3o Nacional de Prote\u00e7\u00e3o de Dados:<\/p>\r\n<p>Av. D. Carlos I, 134 &#8211; 1.\u00ba 1200-651 Lisboa<\/p>\r\n<p>Tel: +351 213928400<\/p>\r\n<p>Fax: +351 213976832<\/p>\r\n<p>e-mail: <a href=\"mailto:geral@cnpd.pt\">geral@cnpd.pt<\/a><\/p>\r\n<p><a href=\"http:\/\/www.cnpd.pt\">www.cnpd.pt<\/a><\/p>\r\n<p>&nbsp;<\/p>\r\n<p><strong>Viola\u00e7\u00e3o dos Dados Pessoais<\/strong><\/p>\r\n<p>Em caso de viola\u00e7\u00e3o dos dados pessoais, o respons\u00e1vel pelo tratamento notifica a entidade de controlo, sem demora injustificada, e sempre que poss\u00edvel, nas 72 horas ap\u00f3s ter conhecimento da mesma, a menos que a viola\u00e7\u00e3o dos dados pessoais n\u00e3o seja suscet\u00edvel de resultar num risco para os direitos e garantias das pessoas singulares.<\/p>\r\n<p><strong>\u00a0<\/strong><\/p>\r\n<p><strong>Os nossos contactos<\/strong><\/p>\r\n<p>Se permanecer com alguma d\u00favida relativamente ao tratamento dos seus dados pessoais, ou pretender exercer algum dos seus direitos, por favor contacte o nosso Encarregado de Protec\u00e7\u00e3o de dados, atrav\u00e9s dos seguintes meios:<\/p>\r\n<p>Telefone: (+351) 221\u00a0117 185<\/p>\r\n<p>Morada: Rua Dr. Ant\u00f3nio Rangel, 54, R\/C Dto., 4580-058 Paredes<\/p>\r\n<p>Email: dados@gerodigital.pt<\/p>\r\n<p>&nbsp;<\/p>\r\n<p><strong>Altera\u00e7\u00f5es na Pol\u00edtica de Privacidade<\/strong><\/p>\r\n<p>A GERODIGITAL reserva-se o direito de alterar a sua Pol\u00edtica de Privacidade, pelo que aconselhamos a consulta regular do presente documento.<\/p>\r\n<p>Caso a presente Pol\u00edtica de Privacidade seja alterada, colocaremos um aviso no nosso site.<\/p>\r\n","protected":false},"excerpt":{"rendered":"<p>POL\u00cdTICA DE PRIVACIDADE A GERODIGITAL, LDA., sociedade por quotas, com sede \u00e0 Rua Dr. Ant\u00f3nio Rangel, 54, R\/C Dto., 4580-058 Paredes, NIPC 514\u00a0665 858, doravante GERODIGITAL considera fundamental o respeito pela privacidade e pela prote\u00e7\u00e3o de dados pessoais que lhe sejam fornecidos, enquanto subcontratante do respons\u00e1vel pelo seu tratamento. Com a entrada em vigor do [&hellip;]<\/p>\n","protected":false},"author":1,"featured_media":0,"parent":0,"menu_order":0,"comment_status":"closed","ping_status":"closed","template":"","meta":{"inline_featured_image":false,"footnotes":""},"class_list":["post-2329","page","type-page","status-publish","hentry"],"aioseo_notices":[],"_links":{"self":[{"href":"https:\/\/gerodigital.pt\/pt-pt\/wp-json\/wp\/v2\/pages\/2329","targetHints":{"allow":["GET"]}}],"collection":[{"href":"https:\/\/gerodigital.pt\/pt-pt\/wp-json\/wp\/v2\/pages"}],"about":[{"href":"https:\/\/gerodigital.pt\/pt-pt\/wp-json\/wp\/v2\/types\/page"}],"author":[{"embeddable":true,"href":"https:\/\/gerodigital.pt\/pt-pt\/wp-json\/wp\/v2\/users\/1"}],"replies":[{"embeddable":true,"href":"https:\/\/gerodigital.pt\/pt-pt\/wp-json\/wp\/v2\/comments?post=2329"}],"version-history":[{"count":0,"href":"https:\/\/gerodigital.pt\/pt-pt\/wp-json\/wp\/v2\/pages\/2329\/revisions"}],"wp:attachment":[{"href":"https:\/\/gerodigital.pt\/pt-pt\/wp-json\/wp\/v2\/media?parent=2329"}],"curies":[{"name":"wp","href":"https:\/\/api.w.org\/{rel}","templated":true}]}}